{"id":448,"date":"2018-04-04T07:58:03","date_gmt":"2018-04-04T07:58:03","guid":{"rendered":"http:\/\/curly.mikado-themes.com\/?page_id=448"},"modified":"2024-04-15T12:05:14","modified_gmt":"2024-04-15T12:05:14","slug":"iletisim","status":"publish","type":"page","link":"https:\/\/www.themorent.com\/?page_id=448","title":{"rendered":"\u0130leti\u015fim"},"content":{"rendered":"<section class=\"wpb-content-wrapper\"><p>[vc_row css=&#8221;.vc_custom_1705393141503{padding-top: 100px !important;}&#8221;][vc_column][vc_column_text]<iframe loading=\"lazy\" style=\"border: 0;\" src=\"https:\/\/www.google.com\/maps\/embed?pb=!1m14!1m8!1m3!1d12244.186049953334!2d32.9276447!3d39.8955909!3m2!1i1024!2i768!4f13.1!3m3!1m2!1s0x40ae0a5d1f43299f%3A0xb5f35429bbff79b3!2zVEhFIE1PUkVOVCBIQcSwUiBERVPEsE5HIFNUVUTEsE8!5e0!3m2!1str!2str!4v1705392933871!5m2!1str!2str\" width=\"2000\" height=\"400\" allowfullscreen=\"allowfullscreen\"><\/iframe>[\/vc_column_text][\/vc_column][\/vc_row][vc_row content_placement=&#8221;top&#8221; row_content_width=&#8221;grid&#8221; content_text_aligment=&#8221;left&#8221; css=&#8221;.vc_custom_1524747980932{padding-top: 139px !important;padding-bottom: 49px !important;}&#8221;][vc_column offset=&#8221;vc_col-lg-offset-0 vc_col-lg-5 vc_col-md-offset-0 vc_col-md-12 vc_col-sm-offset-0 vc_col-xs-12&#8243; css=&#8221;.vc_custom_1526029383754{padding-right: 10% !important;}&#8221;][vc_empty_space height=&#8221;11px&#8221;]\n<div class=\"wpcf7 no-js\" id=\"wpcf7-f447-o1\" lang=\"en-US\" dir=\"ltr\">\n<div class=\"screen-reader-response\"><p role=\"status\" aria-live=\"polite\" aria-atomic=\"true\"><\/p> <ul><\/ul><\/div>\n<form action=\"\/index.php?rest_route=%2Fwp%2Fv2%2Fpages%2F448#wpcf7-f447-o1\" method=\"post\" class=\"wpcf7-form init\" aria-label=\"Contact form\" novalidate=\"novalidate\" data-status=\"init\">\n<div style=\"display: none;\">\n<input type=\"hidden\" name=\"_wpcf7\" value=\"447\" \/>\n<input type=\"hidden\" name=\"_wpcf7_version\" value=\"5.8.5\" \/>\n<input type=\"hidden\" name=\"_wpcf7_locale\" value=\"en_US\" \/>\n<input type=\"hidden\" name=\"_wpcf7_unit_tag\" value=\"wpcf7-f447-o1\" \/>\n<input type=\"hidden\" name=\"_wpcf7_container_post\" value=\"0\" \/>\n<input type=\"hidden\" name=\"_wpcf7_posted_data_hash\" value=\"\" \/>\n<\/div>\n<div class=\"mkdf-grid-row mkdf-grid-small-gutter\">\n   <div class=\"mkdf-grid-col-12\">\n      <span class=\"wpcf7-form-control-wrap\" data-name=\"your-name\"><input size=\"40\" class=\"wpcf7-form-control wpcf7-text wpcf7-validates-as-required\" aria-required=\"true\" aria-invalid=\"false\" placeholder=\"\u0130sim-Soyisim\" value=\"\" type=\"text\" name=\"your-name\" \/><\/span>\n   <\/div>\n   <div class=\"mkdf-grid-col-12\">\n       <span class=\"wpcf7-form-control-wrap\" data-name=\"telfurki\"><input size=\"40\" class=\"wpcf7-form-control wpcf7-tel wpcf7-validates-as-required wpcf7-text wpcf7-validates-as-tel\" aria-required=\"true\" aria-invalid=\"false\" placeholder=\"Telefonunuz\" value=\"\" type=\"tel\" name=\"telfurki\" \/><\/span>\n   <\/div>\n   <div class=\"mkdf-grid-col-12\">\n       <span class=\"wpcf7-form-control-wrap\" data-name=\"email\"><input size=\"40\" class=\"wpcf7-form-control wpcf7-email wpcf7-validates-as-required wpcf7-text wpcf7-validates-as-email\" aria-required=\"true\" aria-invalid=\"false\" placeholder=\"E-Posta\" value=\"\" type=\"email\" name=\"email\" \/><\/span>\n   <\/div>\n   <div class=\"mkdf-grid-col-12\">\n       <span class=\"wpcf7-form-control-wrap\" data-name=\"your-message\"><textarea cols=\"40\" rows=\"10\" class=\"wpcf7-form-control wpcf7-textarea\" aria-invalid=\"false\" placeholder=\"Mesaj\u0131n\u0131z\u0131 yaz\u0131n...\" name=\"your-message\"><\/textarea><\/span>\n   <\/div>\n   <div class=\"mkdf-grid-col-12\">\n       <input class=\"wpcf7-form-control wpcf7-submit has-spinner\" type=\"submit\" value=\"G\u00f6nder\" \/>\n   <\/div>\n<\/div><div class=\"wpcf7-response-output\" aria-hidden=\"true\"><\/div>\n<\/form>\n<\/div>\n[vc_empty_space height=&#8221;68px&#8221;][\/vc_column][vc_column offset=&#8221;vc_col-lg-6 vc_col-md-12&#8243;][vc_column_text]<\/p>\n<h3><strong>\u00a0 \u00a0 \u0130leti\u015fim<\/strong><\/h3>\n<p>[\/vc_column_text][vc_column_text][\/vc_column_text]<div class=\"mkdf-elements-holder   mkdf-one-column  mkdf-responsive-mode-768 \" ><div class=\"mkdf-eh-item    \"  data-item-class=\"mkdf-eh-custom-8752\" data-1024-1366=\"43px 47% 55px 0px\" data-768-1024=\"43px 66% 55px 0px\" data-680-768=\"43px 54% 55px 0px\" data-680=\"43px 0% 55px 0px\">\n    <div class=\"mkdf-eh-item-inner\">\n        <div class=\"mkdf-eh-item-content mkdf-eh-custom-8752\" style=\"padding: 43px\">\n            <div class=\"mkdf-iwt clearfix  mkdf-iwt-icon-left mkdf-iwt-icon-small\">\n    <div class=\"mkdf-iwt-icon\">\n                                        <span class=\"mkdf-icon-shortcode mkdf-normal   mkdf-icon-small\"  >\n                    <i class=\"mkdf-icon-font-awesome fa fa-map-marker mkdf-icon-element\" style=\"font-size:20px\" ><\/i>                <\/span>\n                                <\/div>\n    <div class=\"mkdf-iwt-content\" style=\"padding-left: 25px\">\n                    <p class=\"mkdf-iwt-text\" style=\"margin-top: 5px\">Cengizhan \u015eehitler Caddesi. 104\/A Mamak\/Ankara<\/p>\n    <\/div>\n<\/div>[vc_empty_space height=&#8221;21px&#8221;]<div class=\"mkdf-iwt clearfix  mkdf-iwt-icon-left mkdf-iwt-icon-small\">\n    <div class=\"mkdf-iwt-icon\">\n                <a itemprop=\"url\" href=\"mailto:info@themorent.com\" target=\"_self\">\n                                            <span class=\"mkdf-icon-shortcode mkdf-normal   mkdf-icon-small\"  >\n                    <i class=\"mkdf-icon-font-awesome fa fa-envelope mkdf-icon-element\" style=\"font-size:20px\" ><\/i>                <\/span>\n                                    <\/a>\n        <\/div>\n    <div class=\"mkdf-iwt-content\" style=\"padding-left: 25px\">\n                    <p class=\"mkdf-iwt-text\" style=\"margin-top: 5px\">info@themorent.com<\/p>\n    <\/div>\n<\/div>[vc_empty_space height=&#8221;21px&#8221;]<div class=\"mkdf-iwt clearfix  mkdf-iwt-icon-left mkdf-iwt-icon-small\">\n    <div class=\"mkdf-iwt-icon\">\n                <a itemprop=\"url\" href=\"tel:+905545974677\" target=\"_self\">\n                                            <span class=\"mkdf-icon-shortcode mkdf-normal   mkdf-icon-small\"  >\n                    <i class=\"mkdf-icon-font-awesome fa fa-phone mkdf-icon-element\" style=\"font-size:20px\" ><\/i>                <\/span>\n                                    <\/a>\n        <\/div>\n    <div class=\"mkdf-iwt-content\" style=\"padding-left: 25px\">\n                    <p class=\"mkdf-iwt-text\" style=\"margin-top: 5px\">0554 597 46 77<\/p>\n    <\/div>\n<\/div>[vc_empty_space]<div class=\"mkdf-iwt clearfix  mkdf-iwt-icon-left mkdf-iwt-icon-small\">\n    <div class=\"mkdf-iwt-icon\">\n                <a itemprop=\"url\" href=\"https:\/\/www.instagram.com\/themorentkuafor\/\" target=\"_self\">\n                                            <span class=\"mkdf-icon-shortcode mkdf-normal   mkdf-icon-small\"  >\n                    <i class=\"mkdf-icon-font-awesome fa fa-instagram mkdf-icon-element\" style=\"font-size:32px\" ><\/i>                <\/span>\n                                    <\/a>\n        <\/div>\n    <div class=\"mkdf-iwt-content\" >\n                <h5 class=\"mkdf-iwt-title\" style=\"margin-top: 10px\">\n                <a itemprop=\"url\" href=\"https:\/\/www.instagram.com\/themorentkuafor\/\" target=\"_self\">\n                        <span class=\"mkdf-iwt-title-text\">themorent<\/span>\n                    <\/a>\n        <\/h5>\n        <\/div>\n<\/div>        <\/div>\n    <\/div>\n<\/div><\/div>[\/vc_column][\/vc_row][vc_row][vc_column][\/vc_column][\/vc_row]<\/p>\n<\/section>","protected":false},"excerpt":{"rendered":"<p>[vc_row css=&#8221;.vc_custom_1705393141503{padding-top: 100px !important;}&#8221;][vc_column][vc_column_text][\/vc_column_text][\/vc_column][\/vc_row][vc_row content_placement=&#8221;top&#8221; row_content_width=&#8221;grid&#8221; content_text_aligment=&#8221;left&#8221; css=&#8221;.vc_custom_1524747980932{padding-top: 139px !important;padding-bottom: 49px !important;}&#8221;][vc_column offset=&#8221;vc_col-lg-offset-0 vc_col-lg-5 vc_col-md-offset-0 vc_col-md-12 vc_col-sm-offset-0 vc_col-xs-12&#8243; css=&#8221;.vc_custom_1526029383754{padding-right: 10% !important;}&#8221;][vc_empty_space height=&#8221;11px&#8221;][vc_empty_space height=&#8221;68px&#8221;][\/vc_column][vc_column offset=&#8221;vc_col-lg-6 vc_col-md-12&#8243;][vc_column_text] \u00a0 \u00a0 \u0130leti\u015fim [\/vc_column_text][vc_column_text][\/vc_column_text][\/vc_column][\/vc_row][vc_row][vc_column][\/vc_column][\/vc_row]<\/p>\n","protected":false},"author":1,"featured_media":0,"parent":0,"menu_order":0,"comment_status":"closed","ping_status":"closed","template":"full-width.php","meta":{"footnotes":""},"class_list":["post-448","page","type-page","status-publish","hentry"],"aioseo_notices":[],"_links":{"self":[{"href":"https:\/\/www.themorent.com\/index.php?rest_route=\/wp\/v2\/pages\/448","targetHints":{"allow":["GET"]}}],"collection":[{"href":"https:\/\/www.themorent.com\/index.php?rest_route=\/wp\/v2\/pages"}],"about":[{"href":"https:\/\/www.themorent.com\/index.php?rest_route=\/wp\/v2\/types\/page"}],"author":[{"embeddable":true,"href":"https:\/\/www.themorent.com\/index.php?rest_route=\/wp\/v2\/users\/1"}],"replies":[{"embeddable":true,"href":"https:\/\/www.themorent.com\/index.php?rest_route=%2Fwp%2Fv2%2Fcomments&post=448"}],"version-history":[{"count":55,"href":"https:\/\/www.themorent.com\/index.php?rest_route=\/wp\/v2\/pages\/448\/revisions"}],"predecessor-version":[{"id":4516,"href":"https:\/\/www.themorent.com\/index.php?rest_route=\/wp\/v2\/pages\/448\/revisions\/4516"}],"wp:attachment":[{"href":"https:\/\/www.themorent.com\/index.php?rest_route=%2Fwp%2Fv2%2Fmedia&parent=448"}],"curies":[{"name":"wp","href":"https:\/\/api.w.org\/{rel}","templated":true}]}}