{"id":25,"date":"2018-04-02T08:05:43","date_gmt":"2018-04-02T08:05:43","guid":{"rendered":"http:\/\/curly.mikado-themes.com\/?page_id=25"},"modified":"2024-01-11T20:33:01","modified_gmt":"2024-01-11T20:33:01","slug":"hakkimizda","status":"publish","type":"page","link":"https:\/\/www.themorent.com\/?page_id=25","title":{"rendered":"Hakk\u0131m\u0131zda"},"content":{"rendered":"<section class=\"wpb-content-wrapper\"><p>[vc_row content_placement=&#8221;top&#8221; row_content_width=&#8221;grid&#8221; content_text_aligment=&#8221;left&#8221; css=&#8221;.vc_custom_1524226111130{padding-top: 141px !important;}&#8221;][vc_column offset=&#8221;vc_col-lg-offset-0 vc_col-lg-6 vc_col-md-offset-0 vc_col-md-12 vc_col-sm-offset-0 vc_col-xs-12&#8243;]<div class=\"mkdf-section-title-holder  mkdf-dark mkdf-st-standard mkdf-st-title-left mkdf-st-normal-space \" style=\"text-align: right\">\n    <div class=\"mkdf-st-inner\">\n\n                    <var class=\"mkdf-st-background-text\" style=\"font-size:225px;left: -22px;top: -40px\" id=\"mkdf-st-background-text-531\" data-font-size=\"180px\" data-horizontal-offset=\"38px\" data-vertical-offset=\"-37px\">\n            The Morent            <\/var>\n        \n        \n        \n    <\/div>\n<\/div>[vc_empty_space height=&#8221;15px&#8221;][\/vc_column][vc_column offset=&#8221;vc_col-lg-offset-0 vc_col-lg-6 vc_col-md-offset-0 vc_col-md-12 vc_col-sm-offset-0 vc_col-xs-12&#8243;][vc_column_text]<\/p>\n<h4><em>G\u00fczellik ve \u00f6zg\u00fcnl\u00fc\u011f\u00fcn kucakland\u0131\u011f\u0131 yer olan The Morent ailesi olarak, s\u0131radanl\u0131\u011f\u0131 reddeden, sadece sa\u00e7 kesip boyamakla kalmayan, ayn\u0131 zamanda her bir m\u00fc\u015fterimizin i\u00e7sel g\u00fczelli\u011fini ve benzersizli\u011fini \u00f6n plana \u00e7\u0131karmay\u0131 hedefliyoruz.<\/em><\/h4>\n<p>[\/vc_column_text][vc_empty_space height=&#8221;30px&#8221;][vc_column_text]<\/p>\n<h4><em>Biz, sadece bir kuaf\u00f6r salonu de\u011fil, s\u0131radanl\u0131\u011f\u0131n d\u0131\u015f\u0131nda sizlere bir ya\u015fam tarz\u0131 sunuyoruz. Uzman kadromuz, sekt\u00f6rdeki en yeni trendleri takip ediyor ve her bir m\u00fc\u015fterimize en \u00fcst d\u00fczeyde deneyim sunmak i\u00e7in bilgi birikimini kullan\u0131yor. Sadece sa\u00e7lar\u0131n\u0131z\u0131 de\u011fil, ayn\u0131 zamanda kendinizi yeniden ke\u015ffetmenizi sa\u011flayacak tecr\u00fcbemizi sizlerle payla\u015f\u0131yoruz.<\/em><\/h4>\n<p>[\/vc_column_text][vc_empty_space height=&#8221;140px&#8221;][\/vc_column][\/vc_row][vc_row row_content_width=&#8221;grid&#8221; css=&#8221;.vc_custom_1704707106847{padding-top: 107px !important;padding-bottom: 94px !important;}&#8221; simple_background_color=&#8221;#dbdbdb&#8221;][vc_column offset=&#8221;vc_col-lg-offset-2 vc_col-lg-8&#8243;][\/vc_column][\/vc_row][vc_row disable_background_image=&#8221;&#8221; content_text_aligment=&#8221;center&#8221; css=&#8221;.vc_custom_1704713170197{padding-top: 197px !important;padding-bottom: 307px !important;}&#8221; simple_background_image=&#8221;4354&#8243;][vc_column width=&#8221;1\/2&#8243; offset=&#8221;vc_col-lg-offset-0 vc_col-lg-6 vc_col-md-offset-0 vc_col-md-8 vc_col-sm-offset-0 vc_col-xs-12&#8243;]<div class=\"mkdf-info-section  mkdf-light mkdf-center\">\n\n            <var class=\"mkdf-is-background-text\" style=\"font-size:225px\" id=\"mkdf-is-background-text-242\" >\n        The Morent        <\/var>\n    \n    <div class=\"mkdf-is-inner\" style=\"padding-top:112.5px;width:80%\">\n\n                    <h4 class=\"mkdf-is-subtitle\">\n            Bir Sar\u0131\u015f\u0131nl\u0131k Markas\u0131d\u0131r            <\/h4>\n        \n                    <h3 class=\"mkdf-is-title\">\n            Hikayemiz            <\/h3>\n        \n                    <p class=\"mkdf-is-text\">\n            Kad\u0131n kuaf\u00f6r salonumuz, renkli ve yenilik dolu bir ser\u00fcvenle ge\u00e7en 15 y\u0131l\u0131n ard\u0131ndan bug\u00fcn daha da parlak ve g\u00fc\u00e7l\u00fc bir \u015fekilde varl\u0131\u011f\u0131n\u0131 s\u00fcrd\u00fcr\u00fcyor. Ba\u015flad\u0131\u011f\u0131m\u0131z g\u00fcnden beri ge\u00e7en zaman i\u00e7inde, sadece m\u00fc\u015fterilerimizin sa\u00e7lar\u0131na de\u011fil, ayn\u0131 zamanda hayatlar\u0131na da dokunman\u0131n gururunu ya\u015f\u0131yoruz.            <\/p>\n        \n                    <div class=\"mkdf-is-button\" >\n                <a itemprop=\"url\" href=\"https:\/\/www.themorent.com\/hakkimizda\/\" target=\"_self\"  class=\"mkdf-btn mkdf-btn-medium mkdf-btn-simple\"  >    <span class=\"mkdf-btn-text\">Hakk\u0131m\u0131zda<\/span>    <\/a>            <\/div>\n        \n    <\/div>\n<\/div>[\/vc_column][vc_column width=&#8221;1\/2&#8243;][\/vc_column][\/vc_row]<\/p>\n<\/section>","protected":false},"excerpt":{"rendered":"<p>[vc_row content_placement=&#8221;top&#8221; row_content_width=&#8221;grid&#8221; content_text_aligment=&#8221;left&#8221; css=&#8221;.vc_custom_1524226111130{padding-top: 141px !important;}&#8221;][vc_column offset=&#8221;vc_col-lg-offset-0 vc_col-lg-6 vc_col-md-offset-0 vc_col-md-12 vc_col-sm-offset-0 vc_col-xs-12&#8243;][vc_empty_space height=&#8221;15px&#8221;][\/vc_column][vc_column offset=&#8221;vc_col-lg-offset-0 vc_col-lg-6 vc_col-md-offset-0 vc_col-md-12 vc_col-sm-offset-0 vc_col-xs-12&#8243;][vc_column_text] G\u00fczellik ve \u00f6zg\u00fcnl\u00fc\u011f\u00fcn kucakland\u0131\u011f\u0131 yer olan The Morent ailesi olarak, s\u0131radanl\u0131\u011f\u0131 reddeden, sadece sa\u00e7 kesip boyamakla kalmayan, ayn\u0131 zamanda her [&hellip;]<\/p>\n","protected":false},"author":1,"featured_media":0,"parent":0,"menu_order":0,"comment_status":"closed","ping_status":"closed","template":"full-width.php","meta":{"footnotes":""},"class_list":["post-25","page","type-page","status-publish","hentry"],"aioseo_notices":[],"_links":{"self":[{"href":"https:\/\/www.themorent.com\/index.php?rest_route=\/wp\/v2\/pages\/25","targetHints":{"allow":["GET"]}}],"collection":[{"href":"https:\/\/www.themorent.com\/index.php?rest_route=\/wp\/v2\/pages"}],"about":[{"href":"https:\/\/www.themorent.com\/index.php?rest_route=\/wp\/v2\/types\/page"}],"author":[{"embeddable":true,"href":"https:\/\/www.themorent.com\/index.php?rest_route=\/wp\/v2\/users\/1"}],"replies":[{"embeddable":true,"href":"https:\/\/www.themorent.com\/index.php?rest_route=%2Fwp%2Fv2%2Fcomments&post=25"}],"version-history":[{"count":53,"href":"https:\/\/www.themorent.com\/index.php?rest_route=\/wp\/v2\/pages\/25\/revisions"}],"predecessor-version":[{"id":4390,"href":"https:\/\/www.themorent.com\/index.php?rest_route=\/wp\/v2\/pages\/25\/revisions\/4390"}],"wp:attachment":[{"href":"https:\/\/www.themorent.com\/index.php?rest_route=%2Fwp%2Fv2%2Fmedia&parent=25"}],"curies":[{"name":"wp","href":"https:\/\/api.w.org\/{rel}","templated":true}]}}