{"id":1531,"date":"2018-04-12T13:24:11","date_gmt":"2018-04-12T13:24:11","guid":{"rendered":"http:\/\/curly.mikado-themes.com\/?page_id=1531"},"modified":"2024-01-08T10:52:48","modified_gmt":"2024-01-08T10:52:48","slug":"anasayfa","status":"publish","type":"page","link":"https:\/\/www.themorent.com\/","title":{"rendered":"Anasayfa"},"content":{"rendered":"<section class=\"wpb-content-wrapper\"><p>[vc_row row_content_width=&#8221;grid&#8221; css=&#8221;.vc_custom_1524468019596{padding-top: 99px !important;padding-bottom: 47px !important;}&#8221;][vc_column width=&#8221;1\/2&#8243; offset=&#8221;vc_col-lg-4 vc_col-md-5&#8243;]<div class=\"mkdf-section-title-holder  mkdf-dark mkdf-st-standard mkdf-st-title-left mkdf-st-normal-space \" style=\"padding: 0 9%;text-align: left\">\n    <div class=\"mkdf-st-inner\">\n\n                    <var class=\"mkdf-st-background-text\" style=\"font-size:225px;left: -105px;top: -7px\" id=\"mkdf-st-background-text-761\" data-font-size=\"180px\">\n            The Morent            <\/var>\n        \n                    <h2 class=\"mkdf-st-title\">\n            Bir Sar\u0131\u015f\u0131nl\u0131k Markas\u0131d\u0131r            <\/h2>\n        \n        \n    <\/div>\n<\/div>[vc_empty_space height=&#8221;55px&#8221;][\/vc_column][vc_column width=&#8221;1\/2&#8243; offset=&#8221;vc_col-lg-6 vc_col-md-7&#8243;][vc_empty_space height=&#8221;3px&#8221;][vc_empty_space height=&#8221;55px&#8221;][\/vc_column][\/vc_row][vc_row][vc_column]<div class=\"mkdf-elements-holder   mkdf-two-columns  mkdf-responsive-mode-768 \" ><div class=\"mkdf-eh-item    \" style=\"background-image: url(https:\/\/www.themorent.com\/wp-content\/uploads\/2024\/01\/sac-tasarimi.jpg)\" data-item-class=\"mkdf-eh-custom-9498\" data-1366-1600=\"300px 0px\" data-1024-1366=\"300px 0px\" data-768-1024=\"300px 0px\" data-680-768=\"300px 0px\" data-680=\"250px 0px\">\n    <div class=\"mkdf-eh-item-inner\">\n        <div class=\"mkdf-eh-item-content mkdf-eh-custom-9498\" style=\"padding: 480px 0px\">\n                    <\/div>\n    <\/div>\n<\/div><div class=\"mkdf-eh-item    \" style=\"background-color: #282828\" data-item-class=\"mkdf-eh-custom-2213\" data-animation-delay=\"The Morent\" data-1366-1600=\"0px 95px 114px\" data-1024-1366=\"0px 55px 114px\" data-768-1024=\"0px 0px 116px\" data-680-768=\"34px 60px 0px\" data-680=\"34px 0px 0px\">\n    <div class=\"mkdf-eh-item-inner\">\n        <div class=\"mkdf-eh-item-content mkdf-eh-custom-2213\" style=\"padding: 0px 160px 114px\">\n            <div class=\"mkdf-info-section  mkdf-light mkdf-center\">\n\n            <var class=\"mkdf-is-background-text\" style=\"font-size:225px\" id=\"mkdf-is-background-text-413\" >\n        The Morent        <\/var>\n    \n    <div class=\"mkdf-is-inner\" style=\"padding-top:112.5px;width:80%\">\n\n        \n        \n                    <h4 class=\"mkdf-is-text\">\n            The Morent ailesi olarak, sizlere en kaliteli ve profesyonel hizmeti sunmaktan gurur duyuyoruz.            <\/h4>\n        \n        \n    <\/div>\n<\/div>        <\/div>\n    <\/div>\n<\/div><\/div>[\/vc_column][\/vc_row][vc_row][vc_column]<div class=\"mkdf-elements-holder   mkdf-two-columns  mkdf-responsive-mode-768 \" ><div class=\"mkdf-eh-item    \" style=\"background-color: #282828\" data-item-class=\"mkdf-eh-custom-7356\" data-1366-1600=\"0px 95px 114px\" data-1024-1366=\"0px 55px 114px\" data-768-1024=\"0px 0px 116px\" data-680-768=\"34px 60px 150px\" data-680=\"34px 0px 150px\">\n    <div class=\"mkdf-eh-item-inner\">\n        <div class=\"mkdf-eh-item-content mkdf-eh-custom-7356\" style=\"padding: 0px 160px 114px\">\n            <div class=\"mkdf-info-section  mkdf-light mkdf-center\">\n\n            <var class=\"mkdf-is-background-text\" style=\"font-size:225px\" id=\"mkdf-is-background-text-304\" >\n        The Morent        <\/var>\n    \n    <div class=\"mkdf-is-inner\" style=\"padding-top:112.5px;width:80%\">\n\n        \n                    <h3 class=\"mkdf-is-title\">\n            Nas\u0131l Yap\u0131yoruz?            <\/h3>\n        \n                    <p class=\"mkdf-is-text\">\n            \u015e\u0131kl\u0131\u011f\u0131n\u0131z\u0131 ve \u00f6zg\u00fcnl\u00fc\u011f\u00fcn\u00fcz\u00fc \u00f6n plana \u00e7\u0131karman\u0131z i\u00e7in m\u00fckemmel bir ortam bulmaya haz\u0131rsan\u0131z,hadi ba\u015flayal\u0131m.            <\/p>\n        \n                    <div class=\"mkdf-is-button\" style=\"margin-top:-7px\">\n                <a itemprop=\"url\" href=\"https:\/\/www.themorent.com\/hakkimizda\/\" target=\"_self\" style=\"color: #ffffff;border-color: #ffffff\" class=\"mkdf-btn mkdf-btn-medium mkdf-btn-outline\"  >    <span class=\"mkdf-btn-text\">Daha Fazla<\/span>    <\/a>            <\/div>\n        \n    <\/div>\n<\/div>        <\/div>\n    <\/div>\n<\/div><div class=\"mkdf-eh-item    \" style=\"background-image: url(https:\/\/www.themorent.com\/wp-content\/uploads\/2024\/01\/the-morent-111.jpg)\" data-item-class=\"mkdf-eh-custom-6659\" data-1366-1600=\"300px 0px\" data-1024-1366=\"300px 0px\" data-768-1024=\"300px 0px\" data-680-768=\"300px 0px\" data-680=\"250px 0px\">\n    <div class=\"mkdf-eh-item-inner\">\n        <div class=\"mkdf-eh-item-content mkdf-eh-custom-6659\" style=\"padding: 480px 0px\">\n                    <\/div>\n    <\/div>\n<\/div><\/div>[\/vc_column][\/vc_row][vc_row row_content_width=&#8221;grid&#8221; simple_background_color=&#8221;#f7f8f9&#8243; css=&#8221;.vc_custom_1523866615160{padding-top: 150px !important;padding-bottom: 75px !important;}&#8221;][vc_column width=&#8221;2\/3&#8243; offset=&#8221;vc_col-lg-offset-0 vc_col-lg-4 vc_col-md-offset-0 vc_col-md-4 vc_col-sm-offset-2&#8243;]<div class=\"mkdf-team-holder  mkdf-dark mkdf-has-shadow\">\n    <div class=\"mkdf-team-inner\">\n\n                    <div class=\"mkdf-team-image\">\n                <img loading=\"lazy\" decoding=\"async\" width=\"1440\" height=\"2560\" src=\"https:\/\/www.themorent.com\/wp-content\/uploads\/2024\/01\/IMG_0745-copy-scaled.jpg\" class=\"attachment-full size-full\" alt=\"\" srcset=\"https:\/\/www.themorent.com\/wp-content\/uploads\/2024\/01\/IMG_0745-copy-scaled.jpg 1440w, https:\/\/www.themorent.com\/wp-content\/uploads\/2024\/01\/IMG_0745-copy-169x300.jpg 169w, https:\/\/www.themorent.com\/wp-content\/uploads\/2024\/01\/IMG_0745-copy-576x1024.jpg 576w, https:\/\/www.themorent.com\/wp-content\/uploads\/2024\/01\/IMG_0745-copy-768x1365.jpg 768w, https:\/\/www.themorent.com\/wp-content\/uploads\/2024\/01\/IMG_0745-copy-864x1536.jpg 864w, https:\/\/www.themorent.com\/wp-content\/uploads\/2024\/01\/IMG_0745-copy-1152x2048.jpg 1152w\" sizes=\"auto, (max-width: 1440px) 100vw, 1440px\" \/>            <\/div>\n        \n        <div class=\"mkdf-team-info\">\n\n                            <h4 class=\"mkdf-team-name\">\n                Alperen Okman                <\/h4>\n            \n                            <h5 class=\"mkdf-team-position\">\n                    Stilist                <\/h5>\n            \n            \n                            <div class=\"mkdf-social-share-holder mkdf-list\">\n                    <ul>\n                                                    <li class=\"mkdf-team-icon\">    <span class=\"mkdf-icon-shortcode mkdf-normal   \">\n                <a class=\"\" href=\"https:\/\/www.instagram.com\/alperen_okman\/\" target=\"_blank\">\n                        <i class=\"mkdf-icon-font-awesome fa fa-instagram mkdf-icon-element\"><\/i>                    <\/a>\n        <\/span>\n    <\/li>\n                                            <\/ul>\n                <\/div>\n            \n        <\/div>\n\n    <\/div>\n<\/div>[vc_empty_space height=&#8221;68px&#8221;][\/vc_column][vc_column width=&#8221;2\/3&#8243; offset=&#8221;vc_col-lg-offset-0 vc_col-lg-4 vc_col-md-offset-0 vc_col-md-4 vc_col-sm-offset-2&#8243;][vc_empty_space height=&#8221;68px&#8221;][\/vc_column][vc_column width=&#8221;2\/3&#8243; offset=&#8221;vc_col-lg-offset-0 vc_col-lg-4 vc_col-md-offset-0 vc_col-md-4 vc_col-sm-offset-2&#8243;]<div class=\"mkdf-team-holder  mkdf-dark mkdf-has-shadow\">\n    <div class=\"mkdf-team-inner\">\n\n                    <div class=\"mkdf-team-image\">\n                <img loading=\"lazy\" decoding=\"async\" width=\"600\" height=\"600\" src=\"https:\/\/www.themorent.com\/wp-content\/uploads\/2018\/04\/h3-team-img-3.jpg\" class=\"attachment-full size-full\" alt=\"i\" srcset=\"https:\/\/www.themorent.com\/wp-content\/uploads\/2018\/04\/h3-team-img-3.jpg 600w, https:\/\/www.themorent.com\/wp-content\/uploads\/2018\/04\/h3-team-img-3-300x300.jpg 300w, https:\/\/www.themorent.com\/wp-content\/uploads\/2018\/04\/h3-team-img-3-150x150.jpg 150w, https:\/\/www.themorent.com\/wp-content\/uploads\/2018\/04\/h3-team-img-3-550x550.jpg 550w, https:\/\/www.themorent.com\/wp-content\/uploads\/2018\/04\/h3-team-img-3-100x100.jpg 100w\" sizes=\"auto, (max-width: 600px) 100vw, 600px\" \/>            <\/div>\n        \n        <div class=\"mkdf-team-info\">\n\n                            <h4 class=\"mkdf-team-name\">\n                Muhammet Pala                <\/h4>\n            \n                            <h5 class=\"mkdf-team-position\">\n                    Stilist                <\/h5>\n            \n            \n                            <div class=\"mkdf-social-share-holder mkdf-list\">\n                    <ul>\n                                                    <li class=\"mkdf-team-icon\">    <span class=\"mkdf-icon-shortcode mkdf-normal   \">\n                <a class=\"\" href=\"https:\/\/www.instagram.com\/muhammet.paala\/\" target=\"_blank\">\n                        <i class=\"mkdf-icon-font-awesome fa fa-instagram mkdf-icon-element\"><\/i>                    <\/a>\n        <\/span>\n    <\/li>\n                                            <\/ul>\n                <\/div>\n            \n        <\/div>\n\n    <\/div>\n<\/div>[vc_empty_space height=&#8221;68px&#8221;][\/vc_column][\/vc_row][vc_row parallax_background_image=&#8221;4230&#8243; css=&#8221;.vc_custom_1704273233834{padding-top: 200px !important;padding-bottom: 200px !important;}&#8221;][vc_column][vc_row_inner][vc_column_inner width=&#8221;2\/3&#8243;][vc_empty_space height=&#8221;30PX&#8221;][vc_column_text][\/vc_column_text][vc_empty_space height=&#8221;50px&#8221;][\/vc_column_inner][vc_column_inner width=&#8221;1\/3&#8243;][vc_column_text css=&#8221;.vc_custom_1704286981021{padding-right: 200px !important;}&#8221;]<\/p>\n<h2><strong>Cesur kesimler ve g\u00f6z al\u0131c\u0131 tarzlara haz\u0131rsan\u0131z, s\u0131n\u0131rlar\u0131 zorlamaya davetlisiniz!<\/strong><\/h2>\n<p>[\/vc_column_text][\/vc_column_inner][\/vc_row_inner][\/vc_column][\/vc_row][vc_row][vc_column][\/vc_column][\/vc_row]<\/p>\n<\/section>","protected":false},"excerpt":{"rendered":"<p>[vc_row row_content_width=&#8221;grid&#8221; css=&#8221;.vc_custom_1524468019596{padding-top: 99px !important;padding-bottom: 47px !important;}&#8221;][vc_column width=&#8221;1\/2&#8243; offset=&#8221;vc_col-lg-4 vc_col-md-5&#8243;][vc_empty_space height=&#8221;55px&#8221;][\/vc_column][vc_column width=&#8221;1\/2&#8243; offset=&#8221;vc_col-lg-6 vc_col-md-7&#8243;][vc_empty_space height=&#8221;3px&#8221;][vc_empty_space height=&#8221;55px&#8221;][\/vc_column][\/vc_row][vc_row][vc_column][\/vc_column][\/vc_row][vc_row][vc_column][\/vc_column][\/vc_row][vc_row row_content_width=&#8221;grid&#8221; simple_background_color=&#8221;#f7f8f9&#8243; css=&#8221;.vc_custom_1523866615160{padding-top: 150px !important;padding-bottom: 75px !important;}&#8221;][vc_column width=&#8221;2\/3&#8243; offset=&#8221;vc_col-lg-offset-0 vc_col-lg-4 vc_col-md-offset-0 vc_col-md-4 vc_col-sm-offset-2&#8243;][vc_empty_space height=&#8221;68px&#8221;][\/vc_column][vc_column width=&#8221;2\/3&#8243; offset=&#8221;vc_col-lg-offset-0 vc_col-lg-4 vc_col-md-offset-0 vc_col-md-4 vc_col-sm-offset-2&#8243;][vc_empty_space height=&#8221;68px&#8221;][\/vc_column][vc_column width=&#8221;2\/3&#8243; offset=&#8221;vc_col-lg-offset-0 vc_col-lg-4 [&hellip;]<\/p>\n","protected":false},"author":1,"featured_media":0,"parent":0,"menu_order":0,"comment_status":"closed","ping_status":"closed","template":"full-width.php","meta":{"footnotes":""},"class_list":["post-1531","page","type-page","status-publish","hentry"],"aioseo_notices":[],"_links":{"self":[{"href":"https:\/\/www.themorent.com\/index.php?rest_route=\/wp\/v2\/pages\/1531","targetHints":{"allow":["GET"]}}],"collection":[{"href":"https:\/\/www.themorent.com\/index.php?rest_route=\/wp\/v2\/pages"}],"about":[{"href":"https:\/\/www.themorent.com\/index.php?rest_route=\/wp\/v2\/types\/page"}],"author":[{"embeddable":true,"href":"https:\/\/www.themorent.com\/index.php?rest_route=\/wp\/v2\/users\/1"}],"replies":[{"embeddable":true,"href":"https:\/\/www.themorent.com\/index.php?rest_route=%2Fwp%2Fv2%2Fcomments&post=1531"}],"version-history":[{"count":92,"href":"https:\/\/www.themorent.com\/index.php?rest_route=\/wp\/v2\/pages\/1531\/revisions"}],"predecessor-version":[{"id":4346,"href":"https:\/\/www.themorent.com\/index.php?rest_route=\/wp\/v2\/pages\/1531\/revisions\/4346"}],"wp:attachment":[{"href":"https:\/\/www.themorent.com\/index.php?rest_route=%2Fwp%2Fv2%2Fmedia&parent=1531"}],"curies":[{"name":"wp","href":"https:\/\/api.w.org\/{rel}","templated":true}]}}